{"id":2590,"date":"2021-06-18T16:29:23","date_gmt":"2021-06-18T14:29:23","guid":{"rendered":"https:\/\/www.cenic-watches.ch\/politique-de-confidentialite\/"},"modified":"2021-06-18T16:29:24","modified_gmt":"2021-06-18T14:29:24","slug":"politique-de-confidentialite","status":"publish","type":"page","link":"https:\/\/www.cenic-watches.ch\/fr\/politique-de-confidentialite\/","title":{"rendered":"Politique de confidentialit\u00e9"},"content":{"rendered":"<div class=\"fusion-fullwidth fullwidth-box fusion-builder-row-1 fusion-flex-container nonhundred-percent-fullwidth non-hundred-percent-height-scrolling\" style=\"--awb-border-radius-top-left:0px;--awb-border-radius-top-right:0px;--awb-border-radius-bottom-right:0px;--awb-border-radius-bottom-left:0px;--awb-flex-wrap:wrap;\" ><div class=\"fusion-builder-row fusion-row fusion-flex-align-items-flex-start fusion-flex-content-wrap\" style=\"max-width:1456px;margin-left: calc(-4% \/ 2 );margin-right: calc(-4% \/ 2 );\"><div class=\"fusion-layout-column fusion_builder_column fusion-builder-column-0 fusion_builder_column_1_1 1_1 fusion-flex-column\" style=\"--awb-bg-size:cover;--awb-width-large:100%;--awb-margin-top-large:0px;--awb-spacing-right-large:1.92%;--awb-margin-bottom-large:0px;--awb-spacing-left-large:1.92%;--awb-width-medium:100%;--awb-spacing-right-medium:1.92%;--awb-spacing-left-medium:1.92%;--awb-width-small:100%;--awb-spacing-right-small:1.92%;--awb-spacing-left-small:1.92%;\"><div class=\"fusion-column-wrapper fusion-flex-justify-content-flex-start fusion-content-layout-column\"><div class=\"fusion-text fusion-text-1\"><p>&#13;<\/p>\n<h2 class=\"wp-block-heading\">Qui sommes-nous ?<\/h2>\n<p>&#13;\n&#13;<\/p>\n<p>L&rsquo;adresse de notre site web est la suivante : https:\/\/www.cenic-watches.ch.<\/p>\n<p>&#13;\n&#13;<\/p>\n<h2 class=\"wp-block-heading\">Quelles sont les donn\u00e9es personnelles que nous collectons et pourquoi nous les collectons ?<\/h2>\n<p>&#13;\n&#13;<\/p>\n<h3 class=\"wp-block-heading\">Commentaires<\/h3>\n<p>&#13;\n&#13;<\/p>\n<p>Lorsque les visiteurs publient des commentaires sur le site, nous recueillons les donn\u00e9es affich\u00e9es dans le formulaire de commentaire, ainsi que l&rsquo;adresse IP du visiteur et la cha\u00eene d&rsquo;agent utilisateur (qui identifie le navigateur) pour aider \u00e0 d\u00e9tecter le spam.<\/p>\n<p>&#13;\n&#13;<\/p>\n<p>Une cha\u00eene anonyme (\u00e9galement appel\u00e9e hachage) peut \u00eatre cr\u00e9\u00e9e \u00e0 partir de votre adresse \u00e9lectronique et transmise au service Gravatar pour v\u00e9rifier que vous l&rsquo;utilisez. La politique de confidentialit\u00e9 du service Gravatar peut \u00eatre consult\u00e9e ici : https:\/\/automattic.com\/privacy\/. Une fois votre commentaire approuv\u00e9, votre photo de profil sera publiquement visible dans le contexte de votre commentaire.<\/p>\n<p>&#13;\n&#13;<\/p>\n<h3 class=\"wp-block-heading\">M\u00e9dias<\/h3>\n<p>&#13;\n&#13;<\/p>\n<p>Si vous \u00eates un utilisateur enregistr\u00e9 et que vous t\u00e9l\u00e9chargez des photos sur ce site web, vous devez \u00e9viter de t\u00e9l\u00e9charger des photos avec une localisation GPS EXIF. Les visiteurs de ce site web pourraient t\u00e9l\u00e9charger les photos stock\u00e9es sur ce site et en extraire les informations de localisation.<\/p>\n<p>&#13;\n&#13;<\/p>\n<h3 class=\"wp-block-heading\">Formulaires de contact<\/h3>\n<p>&#13;\n&#13;<\/p>\n<h3 class=\"wp-block-heading\">Cookies<\/h3>\n<p>&#13;\n&#13;<\/p>\n<p>Lorsque vous publiez un commentaire sur notre site web, vous pouvez consentir \u00e0 ce que votre nom, votre adresse \u00e9lectronique et votre site web soient enregistr\u00e9s dans des cookies. Il s&rsquo;agit d&rsquo;une fonction pratique qui vous \u00e9vite de devoir saisir \u00e0 nouveau toutes ces donn\u00e9es lorsque vous publiez un autre commentaire. Ces cookies sont conserv\u00e9s pendant un an.<\/p>\n<p>&#13;\n&#13;<\/p>\n<p>Si vous avez un compte et que vous vous connectez \u00e0 ce site web, nous placerons un cookie temporaire pour d\u00e9terminer si votre navigateur accepte les cookies. Ce cookie ne contient aucune donn\u00e9e personnelle et est supprim\u00e9 lorsque vous fermez votre navigateur.<\/p>\n<p>&#13;\n&#13;<\/p>\n<p>Lorsque vous vous inscrivez, nous cr\u00e9ons des cookies pour stocker vos informations de connexion et vos options d&rsquo;affichage. Les cookies de connexion expirent apr\u00e8s deux jours et les cookies d&rsquo;option d&rsquo;affichage expirent apr\u00e8s un an. Si vous s\u00e9lectionnez \u00ab\u00a0Rester connect\u00e9\u00a0\u00bb lors de votre inscription, votre connexion sera maintenue pendant deux semaines. Lorsque vous vous d\u00e9connectez de votre compte, les cookies de connexion sont supprim\u00e9s.<\/p>\n<p>&#13;\n&#13;<\/p>\n<p>Lorsque vous modifiez ou publiez un article, un cookie suppl\u00e9mentaire est enregistr\u00e9 dans votre navigateur. Ce cookie ne contient aucune donn\u00e9e personnelle et se r\u00e9f\u00e8re uniquement \u00e0 l&rsquo;identifiant de l&rsquo;article que vous venez de modifier. Le cookie expire apr\u00e8s un jour.<\/p>\n<p>&#13;\n&#13;<\/p>\n<h3 class=\"wp-block-heading\">Contenu int\u00e9gr\u00e9 d&rsquo;autres sites web<\/h3>\n<p>&#13;\n&#13;<\/p>\n<p>Les articles de ce site web peuvent contenir du contenu int\u00e9gr\u00e9 (par exemple, des vid\u00e9os, des images, des messages, etc.). Le contenu int\u00e9gr\u00e9 d&rsquo;autres sites web se comporte exactement comme si le visiteur avait visit\u00e9 l&rsquo;autre site web.<\/p>\n<p>&#13;\n&#13;<\/p>\n<p>Ces sites web peuvent recueillir des informations vous concernant, utiliser des cookies, int\u00e9grer des services de suivi tiers suppl\u00e9mentaires et enregistrer votre interaction avec ce contenu int\u00e9gr\u00e9, y compris votre interaction avec le contenu int\u00e9gr\u00e9 si vous avez un compte et \u00eates connect\u00e9 \u00e0 ce site web.<\/p>\n<p>&#13;\n&#13;<\/p>\n<h3 class=\"wp-block-heading\">Services d&rsquo;analyse<\/h3>\n<p>&#13;\n&#13;<\/p>\n<h2 class=\"wp-block-heading\">Avec qui nous partageons vos donn\u00e9es<\/h2>\n<p>&#13;\n&#13;<\/p>\n<h2 class=\"wp-block-heading\">Combien de temps nous conservons vos donn\u00e9es<\/h2>\n<p>&#13;\n&#13;<\/p>\n<p>Lorsque vous publiez un commentaire, celui-ci est enregistr\u00e9 ind\u00e9finiment, y compris les m\u00e9tadonn\u00e9es. De cette fa\u00e7on, nous pouvons d\u00e9tecter et approuver automatiquement les commentaires de suivi au lieu de les garder dans une file d&rsquo;attente de mod\u00e9ration.<\/p>\n<p>&#13;\n&#13;<\/p>\n<p>Pour les utilisateurs qui s&rsquo;inscrivent sur notre site web, nous stockons en outre les informations personnelles qu&rsquo;ils fournissent dans leur profil d&rsquo;utilisateur. Tous les utilisateurs peuvent consulter, modifier ou supprimer leurs informations personnelles \u00e0 tout moment (le nom d&rsquo;utilisateur ne peut \u00eatre modifi\u00e9). Les administrateurs du site web peuvent \u00e9galement consulter et modifier ces informations.<\/p>\n<p>&#13;\n&#13;<\/p>\n<h2 class=\"wp-block-heading\">Les droits dont vous disposez sur vos donn\u00e9es<\/h2>\n<p>&#13;\n&#13;<\/p>\n<p>Si vous avez un compte sur ce site web ou si vous avez publi\u00e9 des commentaires, vous pouvez demander l&rsquo;exportation de vos informations personnelles, y compris celles que vous nous avez fournies. En outre, vous pouvez demander la suppression de toutes les donn\u00e9es personnelles que nous avons stock\u00e9es \u00e0 votre sujet. Cela ne comprend pas les donn\u00e9es que nous sommes tenus de conserver \u00e0 des fins administratives, juridiques ou de s\u00e9curit\u00e9.<\/p>\n<p>&#13;\n&#13;<\/p>\n<h2 class=\"wp-block-heading\">O\u00f9 nous envoyons vos donn\u00e9es<\/h2>\n<p>&#13;\n&#13;<\/p>\n<p>Les commentaires des visiteurs pourraient \u00eatre examin\u00e9s par un service automatis\u00e9 de d\u00e9tection des spams.<\/p>\n<p>&#13;<\/p>\n<\/div><\/div><\/div><\/div><\/div>\n","protected":false},"excerpt":{"rendered":"","protected":false},"author":1,"featured_media":0,"parent":0,"menu_order":0,"comment_status":"closed","ping_status":"open","template":"","meta":{"_acf_changed":false,"_joinchat":[],"footnotes":""},"class_list":["post-2590","page","type-page","status-publish","hentry"],"acf":[],"yoast_head":"<!-- This site is optimized with the Yoast SEO plugin v26.8 - https:\/\/yoast.com\/product\/yoast-seo-wordpress\/ -->\n<title>Politique de confidentialit\u00e9 - CENIC - Watches &amp; Parts - Vintage-Uhren und Uhrenteile, Uhrwerke<\/title>\n<meta name=\"robots\" content=\"index, follow, max-snippet:-1, max-image-preview:large, max-video-preview:-1\" \/>\n<link rel=\"canonical\" href=\"https:\/\/www.cenic-watches.ch\/fr\/politique-de-confidentialite\/\" \/>\n<meta property=\"og:locale\" content=\"fr_FR\" \/>\n<meta property=\"og:type\" content=\"article\" \/>\n<meta property=\"og:title\" content=\"Politique de confidentialit\u00e9 - CENIC - Watches &amp; Parts - Vintage-Uhren und Uhrenteile, Uhrwerke\" \/>\n<meta property=\"og:url\" content=\"https:\/\/www.cenic-watches.ch\/fr\/politique-de-confidentialite\/\" \/>\n<meta property=\"og:site_name\" content=\"CENIC - Watches &amp; Parts - Vintage-Uhren und Uhrenteile, Uhrwerke\" \/>\n<meta property=\"article:modified_time\" content=\"2021-06-18T14:29:24+00:00\" \/>\n<meta name=\"twitter:card\" content=\"summary_large_image\" \/>\n<meta name=\"twitter:label1\" content=\"Dur\u00e9e de lecture estim\u00e9e\" \/>\n\t<meta name=\"twitter:data1\" content=\"5 minutes\" \/>\n<script type=\"application\/ld+json\" class=\"yoast-schema-graph\">{\"@context\":\"https:\/\/schema.org\",\"@graph\":[{\"@type\":\"WebPage\",\"@id\":\"https:\/\/www.cenic-watches.ch\/fr\/politique-de-confidentialite\/\",\"url\":\"https:\/\/www.cenic-watches.ch\/fr\/politique-de-confidentialite\/\",\"name\":\"Politique de confidentialit\u00e9 - CENIC - Watches &amp; Parts - Vintage-Uhren und Uhrenteile, Uhrwerke\",\"isPartOf\":{\"@id\":\"https:\/\/www.cenic-watches.ch\/fr\/#website\"},\"datePublished\":\"2021-06-18T14:29:23+00:00\",\"dateModified\":\"2021-06-18T14:29:24+00:00\",\"breadcrumb\":{\"@id\":\"https:\/\/www.cenic-watches.ch\/fr\/politique-de-confidentialite\/#breadcrumb\"},\"inLanguage\":\"fr-FR\",\"potentialAction\":[{\"@type\":\"ReadAction\",\"target\":[\"https:\/\/www.cenic-watches.ch\/fr\/politique-de-confidentialite\/\"]}]},{\"@type\":\"BreadcrumbList\",\"@id\":\"https:\/\/www.cenic-watches.ch\/fr\/politique-de-confidentialite\/#breadcrumb\",\"itemListElement\":[{\"@type\":\"ListItem\",\"position\":1,\"name\":\"Startseite\",\"item\":\"https:\/\/www.cenic-watches.ch\/fr\/\"},{\"@type\":\"ListItem\",\"position\":2,\"name\":\"Politique de confidentialit\u00e9\"}]},{\"@type\":\"WebSite\",\"@id\":\"https:\/\/www.cenic-watches.ch\/fr\/#website\",\"url\":\"https:\/\/www.cenic-watches.ch\/fr\/\",\"name\":\"CENIC - Watches & Parts - Vintage-Uhren und Uhrenteile, Uhrwerke\",\"description\":\"Watches &amp; Parts\",\"potentialAction\":[{\"@type\":\"SearchAction\",\"target\":{\"@type\":\"EntryPoint\",\"urlTemplate\":\"https:\/\/www.cenic-watches.ch\/fr\/?s={search_term_string}\"},\"query-input\":{\"@type\":\"PropertyValueSpecification\",\"valueRequired\":true,\"valueName\":\"search_term_string\"}}],\"inLanguage\":\"fr-FR\"}]}<\/script>\n<!-- \/ Yoast SEO plugin. -->","yoast_head_json":{"title":"Politique de confidentialit\u00e9 - CENIC - Watches &amp; Parts - Vintage-Uhren und Uhrenteile, Uhrwerke","robots":{"index":"index","follow":"follow","max-snippet":"max-snippet:-1","max-image-preview":"max-image-preview:large","max-video-preview":"max-video-preview:-1"},"canonical":"https:\/\/www.cenic-watches.ch\/fr\/politique-de-confidentialite\/","og_locale":"fr_FR","og_type":"article","og_title":"Politique de confidentialit\u00e9 - CENIC - Watches &amp; Parts - Vintage-Uhren und Uhrenteile, Uhrwerke","og_url":"https:\/\/www.cenic-watches.ch\/fr\/politique-de-confidentialite\/","og_site_name":"CENIC - Watches &amp; Parts - Vintage-Uhren und Uhrenteile, Uhrwerke","article_modified_time":"2021-06-18T14:29:24+00:00","twitter_card":"summary_large_image","twitter_misc":{"Dur\u00e9e de lecture estim\u00e9e":"5 minutes"},"schema":{"@context":"https:\/\/schema.org","@graph":[{"@type":"WebPage","@id":"https:\/\/www.cenic-watches.ch\/fr\/politique-de-confidentialite\/","url":"https:\/\/www.cenic-watches.ch\/fr\/politique-de-confidentialite\/","name":"Politique de confidentialit\u00e9 - CENIC - Watches &amp; Parts - Vintage-Uhren und Uhrenteile, Uhrwerke","isPartOf":{"@id":"https:\/\/www.cenic-watches.ch\/fr\/#website"},"datePublished":"2021-06-18T14:29:23+00:00","dateModified":"2021-06-18T14:29:24+00:00","breadcrumb":{"@id":"https:\/\/www.cenic-watches.ch\/fr\/politique-de-confidentialite\/#breadcrumb"},"inLanguage":"fr-FR","potentialAction":[{"@type":"ReadAction","target":["https:\/\/www.cenic-watches.ch\/fr\/politique-de-confidentialite\/"]}]},{"@type":"BreadcrumbList","@id":"https:\/\/www.cenic-watches.ch\/fr\/politique-de-confidentialite\/#breadcrumb","itemListElement":[{"@type":"ListItem","position":1,"name":"Startseite","item":"https:\/\/www.cenic-watches.ch\/fr\/"},{"@type":"ListItem","position":2,"name":"Politique de confidentialit\u00e9"}]},{"@type":"WebSite","@id":"https:\/\/www.cenic-watches.ch\/fr\/#website","url":"https:\/\/www.cenic-watches.ch\/fr\/","name":"CENIC - Watches & Parts - Vintage-Uhren und Uhrenteile, Uhrwerke","description":"Watches &amp; Parts","potentialAction":[{"@type":"SearchAction","target":{"@type":"EntryPoint","urlTemplate":"https:\/\/www.cenic-watches.ch\/fr\/?s={search_term_string}"},"query-input":{"@type":"PropertyValueSpecification","valueRequired":true,"valueName":"search_term_string"}}],"inLanguage":"fr-FR"}]}},"_links":{"self":[{"href":"https:\/\/www.cenic-watches.ch\/fr\/wp-json\/wp\/v2\/pages\/2590","targetHints":{"allow":["GET"]}}],"collection":[{"href":"https:\/\/www.cenic-watches.ch\/fr\/wp-json\/wp\/v2\/pages"}],"about":[{"href":"https:\/\/www.cenic-watches.ch\/fr\/wp-json\/wp\/v2\/types\/page"}],"author":[{"embeddable":true,"href":"https:\/\/www.cenic-watches.ch\/fr\/wp-json\/wp\/v2\/users\/1"}],"replies":[{"embeddable":true,"href":"https:\/\/www.cenic-watches.ch\/fr\/wp-json\/wp\/v2\/comments?post=2590"}],"version-history":[{"count":0,"href":"https:\/\/www.cenic-watches.ch\/fr\/wp-json\/wp\/v2\/pages\/2590\/revisions"}],"wp:attachment":[{"href":"https:\/\/www.cenic-watches.ch\/fr\/wp-json\/wp\/v2\/media?parent=2590"}],"curies":[{"name":"wp","href":"https:\/\/api.w.org\/{rel}","templated":true}]}}