{"id":40636,"date":"2026-01-27T11:12:08","date_gmt":"2026-01-27T10:12:08","guid":{"rendered":"https:\/\/test.cenic-watches.ch\/shop\/non%20class\u00e9\/certina-25-45\/"},"modified":"2026-01-27T11:12:18","modified_gmt":"2026-01-27T10:12:18","slug":"certina-25-45","status":"publish","type":"product","link":"https:\/\/www.cenic-watches.ch\/fr\/shop\/mouvement\/certina\/certina-25-45\/","title":{"rendered":"Certina 25-45"},"content":{"rendered":"<p>\u00c9tat:\u00a0Cat\u00e9gorie 4 \u2013 Bon \u00e9tat :<br \/>\n Le mouvement est en bon \u00e9tat visuel avec de l\u00e9g\u00e8res traces d\u2019usage, toutes les pi\u00e8ces essentielles sont pr\u00e9sentes, le balancier fonctionne, et aucun d\u00e9faut majeur n\u2019est constat\u00e9.<\/p>\n","protected":false},"excerpt":{"rendered":"<p>25-45<\/p>\n","protected":false},"featured_media":0,"template":"","meta":{"_acf_changed":false,"_joinchat":[]},"product_brand":[],"product_cat":[17836,8885],"product_tag":[],"class_list":{"0":"post-40636","1":"product","2":"type-product","3":"status-publish","5":"product_cat-certina","6":"product_cat-mouvement","7":"pa_diametre-26mm","9":"first","10":"instock","11":"purchasable","12":"product-type-simple"},"acf":[],"yoast_head":"<!-- This site is optimized with the Yoast SEO plugin v26.8 - https:\/\/yoast.com\/product\/yoast-seo-wordpress\/ -->\n<title>Certina 25-45 - CENIC - Watches &amp; Parts - Vintage-Uhren und Uhrenteile, Uhrwerke<\/title>\n<meta name=\"robots\" content=\"index, follow, max-snippet:-1, max-image-preview:large, max-video-preview:-1\" \/>\n<link rel=\"canonical\" href=\"https:\/\/www.cenic-watches.ch\/fr\/shop\/mouvement\/certina\/certina-25-45\/\" \/>\n<meta property=\"og:locale\" content=\"fr_FR\" \/>\n<meta property=\"og:type\" content=\"article\" \/>\n<meta property=\"og:title\" content=\"Certina 25-45 - CENIC - Watches &amp; Parts - Vintage-Uhren und Uhrenteile, Uhrwerke\" \/>\n<meta property=\"og:description\" content=\"25-45\" \/>\n<meta property=\"og:url\" content=\"https:\/\/www.cenic-watches.ch\/fr\/shop\/mouvement\/certina\/certina-25-45\/\" \/>\n<meta property=\"og:site_name\" content=\"CENIC - Watches &amp; Parts - Vintage-Uhren und Uhrenteile, Uhrwerke\" \/>\n<meta property=\"article:modified_time\" content=\"2026-01-27T10:12:18+00:00\" \/>\n<meta name=\"twitter:card\" content=\"summary_large_image\" \/>\n<script type=\"application\/ld+json\" class=\"yoast-schema-graph\">{\"@context\":\"https:\/\/schema.org\",\"@graph\":[{\"@type\":\"WebPage\",\"@id\":\"https:\/\/www.cenic-watches.ch\/fr\/shop\/mouvement\/certina\/certina-25-45\/\",\"url\":\"https:\/\/www.cenic-watches.ch\/fr\/shop\/mouvement\/certina\/certina-25-45\/\",\"name\":\"Certina 25-45 - CENIC - Watches &amp; Parts - Vintage-Uhren und Uhrenteile, Uhrwerke\",\"isPartOf\":{\"@id\":\"https:\/\/www.cenic-watches.ch\/fr\/#website\"},\"datePublished\":\"2026-01-27T10:12:08+00:00\",\"dateModified\":\"2026-01-27T10:12:18+00:00\",\"breadcrumb\":{\"@id\":\"https:\/\/www.cenic-watches.ch\/fr\/shop\/mouvement\/certina\/certina-25-45\/#breadcrumb\"},\"inLanguage\":\"fr-FR\",\"potentialAction\":[{\"@type\":\"ReadAction\",\"target\":[\"https:\/\/www.cenic-watches.ch\/fr\/shop\/mouvement\/certina\/certina-25-45\/\"]}]},{\"@type\":\"BreadcrumbList\",\"@id\":\"https:\/\/www.cenic-watches.ch\/fr\/shop\/mouvement\/certina\/certina-25-45\/#breadcrumb\",\"itemListElement\":[{\"@type\":\"ListItem\",\"position\":1,\"name\":\"Startseite\",\"item\":\"https:\/\/www.cenic-watches.ch\/fr\/\"},{\"@type\":\"ListItem\",\"position\":2,\"name\":\"Boutique\",\"item\":\"https:\/\/www.cenic-watches.ch\/shop\/\"},{\"@type\":\"ListItem\",\"position\":3,\"name\":\"Mouvement\",\"item\":\"https:\/\/www.cenic-watches.ch\/fr\/product-categories\/mouvement\/\"},{\"@type\":\"ListItem\",\"position\":4,\"name\":\"Certina\",\"item\":\"https:\/\/www.cenic-watches.ch\/fr\/product-categories\/mouvement\/certina\/\"},{\"@type\":\"ListItem\",\"position\":5,\"name\":\"Certina 25-45\"}]},{\"@type\":\"WebSite\",\"@id\":\"https:\/\/www.cenic-watches.ch\/fr\/#website\",\"url\":\"https:\/\/www.cenic-watches.ch\/fr\/\",\"name\":\"CENIC - Watches & Parts - Vintage-Uhren und Uhrenteile, Uhrwerke\",\"description\":\"Watches &amp; Parts\",\"potentialAction\":[{\"@type\":\"SearchAction\",\"target\":{\"@type\":\"EntryPoint\",\"urlTemplate\":\"https:\/\/www.cenic-watches.ch\/fr\/?s={search_term_string}\"},\"query-input\":{\"@type\":\"PropertyValueSpecification\",\"valueRequired\":true,\"valueName\":\"search_term_string\"}}],\"inLanguage\":\"fr-FR\"}]}<\/script>\n<!-- \/ Yoast SEO plugin. -->","yoast_head_json":{"title":"Certina 25-45 - CENIC - Watches &amp; Parts - Vintage-Uhren und Uhrenteile, Uhrwerke","robots":{"index":"index","follow":"follow","max-snippet":"max-snippet:-1","max-image-preview":"max-image-preview:large","max-video-preview":"max-video-preview:-1"},"canonical":"https:\/\/www.cenic-watches.ch\/fr\/shop\/mouvement\/certina\/certina-25-45\/","og_locale":"fr_FR","og_type":"article","og_title":"Certina 25-45 - CENIC - Watches &amp; Parts - Vintage-Uhren und Uhrenteile, Uhrwerke","og_description":"25-45","og_url":"https:\/\/www.cenic-watches.ch\/fr\/shop\/mouvement\/certina\/certina-25-45\/","og_site_name":"CENIC - Watches &amp; Parts - Vintage-Uhren und Uhrenteile, Uhrwerke","article_modified_time":"2026-01-27T10:12:18+00:00","twitter_card":"summary_large_image","schema":{"@context":"https:\/\/schema.org","@graph":[{"@type":"WebPage","@id":"https:\/\/www.cenic-watches.ch\/fr\/shop\/mouvement\/certina\/certina-25-45\/","url":"https:\/\/www.cenic-watches.ch\/fr\/shop\/mouvement\/certina\/certina-25-45\/","name":"Certina 25-45 - CENIC - Watches &amp; Parts - Vintage-Uhren und Uhrenteile, Uhrwerke","isPartOf":{"@id":"https:\/\/www.cenic-watches.ch\/fr\/#website"},"datePublished":"2026-01-27T10:12:08+00:00","dateModified":"2026-01-27T10:12:18+00:00","breadcrumb":{"@id":"https:\/\/www.cenic-watches.ch\/fr\/shop\/mouvement\/certina\/certina-25-45\/#breadcrumb"},"inLanguage":"fr-FR","potentialAction":[{"@type":"ReadAction","target":["https:\/\/www.cenic-watches.ch\/fr\/shop\/mouvement\/certina\/certina-25-45\/"]}]},{"@type":"BreadcrumbList","@id":"https:\/\/www.cenic-watches.ch\/fr\/shop\/mouvement\/certina\/certina-25-45\/#breadcrumb","itemListElement":[{"@type":"ListItem","position":1,"name":"Startseite","item":"https:\/\/www.cenic-watches.ch\/fr\/"},{"@type":"ListItem","position":2,"name":"Boutique","item":"https:\/\/www.cenic-watches.ch\/shop\/"},{"@type":"ListItem","position":3,"name":"Mouvement","item":"https:\/\/www.cenic-watches.ch\/fr\/product-categories\/mouvement\/"},{"@type":"ListItem","position":4,"name":"Certina","item":"https:\/\/www.cenic-watches.ch\/fr\/product-categories\/mouvement\/certina\/"},{"@type":"ListItem","position":5,"name":"Certina 25-45"}]},{"@type":"WebSite","@id":"https:\/\/www.cenic-watches.ch\/fr\/#website","url":"https:\/\/www.cenic-watches.ch\/fr\/","name":"CENIC - Watches & Parts - Vintage-Uhren und Uhrenteile, Uhrwerke","description":"Watches &amp; Parts","potentialAction":[{"@type":"SearchAction","target":{"@type":"EntryPoint","urlTemplate":"https:\/\/www.cenic-watches.ch\/fr\/?s={search_term_string}"},"query-input":{"@type":"PropertyValueSpecification","valueRequired":true,"valueName":"search_term_string"}}],"inLanguage":"fr-FR"}]}},"_links":{"self":[{"href":"https:\/\/www.cenic-watches.ch\/fr\/wp-json\/wp\/v2\/product\/40636","targetHints":{"allow":["GET"]}}],"collection":[{"href":"https:\/\/www.cenic-watches.ch\/fr\/wp-json\/wp\/v2\/product"}],"about":[{"href":"https:\/\/www.cenic-watches.ch\/fr\/wp-json\/wp\/v2\/types\/product"}],"wp:attachment":[{"href":"https:\/\/www.cenic-watches.ch\/fr\/wp-json\/wp\/v2\/media?parent=40636"}],"wp:term":[{"taxonomy":"product_brand","embeddable":true,"href":"https:\/\/www.cenic-watches.ch\/fr\/wp-json\/wp\/v2\/product_brand?post=40636"},{"taxonomy":"product_cat","embeddable":true,"href":"https:\/\/www.cenic-watches.ch\/fr\/wp-json\/wp\/v2\/product_cat?post=40636"},{"taxonomy":"product_tag","embeddable":true,"href":"https:\/\/www.cenic-watches.ch\/fr\/wp-json\/wp\/v2\/product_tag?post=40636"}],"curies":[{"name":"wp","href":"https:\/\/api.w.org\/{rel}","templated":true}]}}